{"id":95,"date":"2025-04-10T13:09:09","date_gmt":"2025-04-10T11:09:09","guid":{"rendered":"http:\/\/192.168.120.51\/laboratorioEjido\/?page_id=95"},"modified":"2025-05-21T11:26:23","modified_gmt":"2025-05-21T09:26:23","slug":"tipos-de-analisis","status":"publish","type":"page","link":"https:\/\/laboratorio.elejido.es\/?page_id=95","title":{"rendered":"Tipos de an\u00e1lisis"},"content":{"rendered":"\t\t<div data-elementor-type=\"wp-page\" data-elementor-id=\"95\" class=\"elementor elementor-95\" data-elementor-post-type=\"page\">\n\t\t\t\t<div class=\"elementor-element elementor-element-b35920c e-flex e-con-boxed e-con e-parent\" data-id=\"b35920c\" data-element_type=\"container\" data-e-type=\"container\">\n\t\t\t\t\t<div class=\"e-con-inner\">\n\t\t\t\t<div class=\"elementor-element elementor-element-a2958e3 elementor-widget elementor-widget-text-editor\" data-id=\"a2958e3\" data-element_type=\"widget\" data-e-type=\"widget\" data-widget_type=\"text-editor.default\">\n\t\t\t\t<div class=\"elementor-widget-container\">\n\t\t\t\t\t\t\t\t\t<section class=\"hero\"><div class=\"hero-overlay\">\u00a0<\/div><div class=\"container hero-content\"><h1>An\u00e1lisis<\/h1><\/div><\/section>\t\t\t\t\t\t\t\t<\/div>\n\t\t\t\t<\/div>\n\t\t\t\t\t<\/div>\n\t\t\t\t<\/div>\n\t\t<div class=\"elementor-element elementor-element-7afd449 e-flex e-con-boxed e-con e-parent\" data-id=\"7afd449\" data-element_type=\"container\" data-e-type=\"container\">\n\t\t\t\t\t<div class=\"e-con-inner\">\n\t\t\t\t<div class=\"elementor-element elementor-element-71c9527 elementor-widget elementor-widget-text-editor\" data-id=\"71c9527\" data-element_type=\"widget\" data-e-type=\"widget\" data-widget_type=\"text-editor.default\">\n\t\t\t\t<div class=\"elementor-widget-container\">\n\t\t\t\t\t\t\t\t\t<div class=\"cuam-analysis-row\"><p><!-- AGUAS --><\/p><div class=\"cuam-analysis-card cuam-card-agua\"><div class=\"cuam-card-header\"><h2 class=\"cuam-card-title cuam-title-agua\">AGUAS<\/h2><\/div><div class=\"cuam-card-image\"><img decoding=\"async\" src=\"https:\/\/laboratorio.elejido.es\/wp-content\/uploads\/2025\/04\/analisis-aguas.jpg\" alt=\"An\u00e1lisis de aguas\" \/><\/div><div class=\"cuam-card-content\"><ul class=\"cuam-analysis-list cuam-list-agua\"><li>Aguas de consumo<\/li><li>Aguas de piscina<\/li><li>Control Microbiol\u00f3gico en aguas<\/li><li>Aguas residuales<\/li><li>Aguas marinas y Control de Calidad del agua de ba\u00f1o<\/li><\/ul><\/div><\/div><p><!-- PLAGUICIDAS --><\/p><div class=\"cuam-analysis-card cuam-card-plaguicidas\"><div class=\"cuam-card-header\"><h2 class=\"cuam-card-title cuam-title-plaguicidas\">RESIDUOS DE PLAGUICIDAS<\/h2><\/div><div class=\"cuam-card-image\"><img decoding=\"async\" src=\"https:\/\/laboratorio.elejido.es\/wp-content\/uploads\/2025\/04\/web_residuos_laboratorio_cultivo_4eb4a03b28.png\" alt=\"An\u00e1lisis de residuos de plaguicidas\" \/><\/div><div class=\"cuam-card-content\"><ul class=\"cuam-analysis-list cuam-list-plaguicidas\"><li>Frutas y hortalizas<\/li><li>Suelos y sustratos<\/li><li>Fitohormonas en frutas y hortalizas<\/li><\/ul><\/div><\/div><p><!-- AGR\u00cdCOLAS --><\/p><div class=\"cuam-analysis-card cuam-card-agricolas\"><div class=\"cuam-card-header\"><h2 class=\"cuam-card-title cuam-title-agricolas\">AGR\u00cdCOLAS<\/h2><\/div><div class=\"cuam-card-image\"><img decoding=\"async\" src=\"https:\/\/laboratorio.elejido.es\/wp-content\/uploads\/2025\/04\/03A06762_.jpg\" alt=\"An\u00e1lisis agr\u00edcolas\" \/><\/div><div class=\"cuam-card-content\"><ul class=\"cuam-analysis-list cuam-list-agricolas\"><li>Aguas de riego, pozo, balsa, etc.<\/li><li>Disoluciones nutritivas<\/li><li>An\u00e1lisis foliares<\/li><li>Suelos y Sustratos<\/li><li>Fertilizantes<\/li><li>Microbiolog\u00eda en suelos<\/li><li>Nematodos en suelos<\/li><\/ul><\/div><\/div><p><!-- MICROBIOL\u00d3GICO --><\/p><div class=\"cuam-analysis-card cuam-card-microbiologico\"><div class=\"cuam-card-header\"><h2 class=\"cuam-card-title cuam-title-microbiologico\">CONTROL MICROBIOL\u00d3GICO<\/h2><\/div><div class=\"cuam-card-image\"><img decoding=\"async\" src=\"https:\/\/laboratorio.elejido.es\/wp-content\/uploads\/2025\/04\/microbiologia-analisis.png\" alt=\"Control microbiol\u00f3gico\" \/><\/div><div class=\"cuam-card-content\"><ul class=\"cuam-analysis-list cuam-list-microbiologico\"><li>An\u00e1lisis de Peligros y Puntos de Control Cr\u00edtico (APPCC)<\/li><li>Alimentos<\/li><li>Superficies<\/li><li>Ambientes<\/li><\/ul><\/div><\/div><p><!-- PL\u00c1STICOS --><\/p><div class=\"cuam-analysis-card cuam-card-plasticos\"><div class=\"cuam-card-header\"><h2 class=\"cuam-card-title cuam-title-plasticos\">PL\u00c1STICOS<\/h2><\/div><div class=\"cuam-card-image\"><img decoding=\"async\" src=\"https:\/\/laboratorio.elejido.es\/wp-content\/uploads\/2025\/04\/mem204.jpg\" alt=\"An\u00e1lisis de pl\u00e1sticos\" \/><\/div><div class=\"cuam-card-content\"><ul class=\"cuam-analysis-list cuam-list-plasticos\"><li>Cloro<\/li><li>Azufre<\/li><\/ul><\/div><\/div><\/div>\t\t\t\t\t\t\t\t<\/div>\n\t\t\t\t<\/div>\n\t\t\t\t\t<\/div>\n\t\t\t\t<\/div>\n\t\t\t\t<\/div>\n\t\t","protected":false},"excerpt":{"rendered":"<p>\u00a0 An\u00e1lisis AGUAS Aguas de consumo Aguas de piscina Control Microbiol\u00f3gico en aguas Aguas residuales Aguas marinas y Control de Calidad del agua de ba\u00f1o RESIDUOS DE PLAGUICIDAS Frutas y hortalizas Suelos y sustratos Fitohormonas en frutas y hortalizas AGR\u00cdCOLAS Aguas de riego, pozo, balsa, etc. Disoluciones nutritivas An\u00e1lisis foliares Suelos y Sustratos Fertilizantes Microbiolog\u00eda [&hellip;]<\/p>\n","protected":false},"author":1,"featured_media":0,"parent":0,"menu_order":0,"comment_status":"closed","ping_status":"closed","template":"","meta":{"footnotes":""},"class_list":["post-95","page","type-page","status-publish","hentry"],"_links":{"self":[{"href":"https:\/\/laboratorio.elejido.es\/index.php?rest_route=\/wp\/v2\/pages\/95","targetHints":{"allow":["GET"]}}],"collection":[{"href":"https:\/\/laboratorio.elejido.es\/index.php?rest_route=\/wp\/v2\/pages"}],"about":[{"href":"https:\/\/laboratorio.elejido.es\/index.php?rest_route=\/wp\/v2\/types\/page"}],"author":[{"embeddable":true,"href":"https:\/\/laboratorio.elejido.es\/index.php?rest_route=\/wp\/v2\/users\/1"}],"replies":[{"embeddable":true,"href":"https:\/\/laboratorio.elejido.es\/index.php?rest_route=%2Fwp%2Fv2%2Fcomments&post=95"}],"version-history":[{"count":46,"href":"https:\/\/laboratorio.elejido.es\/index.php?rest_route=\/wp\/v2\/pages\/95\/revisions"}],"predecessor-version":[{"id":444,"href":"https:\/\/laboratorio.elejido.es\/index.php?rest_route=\/wp\/v2\/pages\/95\/revisions\/444"}],"wp:attachment":[{"href":"https:\/\/laboratorio.elejido.es\/index.php?rest_route=%2Fwp%2Fv2%2Fmedia&parent=95"}],"curies":[{"name":"wp","href":"https:\/\/api.w.org\/{rel}","templated":true}]}}