{"id":67,"date":"2025-04-10T12:59:17","date_gmt":"2025-04-10T10:59:17","guid":{"rendered":"http:\/\/192.168.120.51\/laboratorioEjido\/?page_id=67"},"modified":"2025-06-02T12:09:17","modified_gmt":"2025-06-02T10:09:17","slug":"inicio","status":"publish","type":"page","link":"https:\/\/laboratorio.elejido.es\/","title":{"rendered":"Inicio"},"content":{"rendered":"\t\t<div data-elementor-type=\"wp-page\" data-elementor-id=\"67\" class=\"elementor elementor-67\" data-elementor-post-type=\"page\">\n\t\t\t\t<div class=\"elementor-element elementor-element-832c406 e-flex e-con-boxed e-con e-parent\" data-id=\"832c406\" data-element_type=\"container\" data-e-type=\"container\">\n\t\t\t\t\t<div class=\"e-con-inner\">\n\t\t\t\t<div class=\"elementor-element elementor-element-5f238bd elementor-widget elementor-widget-text-editor\" data-id=\"5f238bd\" data-element_type=\"widget\" data-e-type=\"widget\" data-widget_type=\"text-editor.default\">\n\t\t\t\t<div class=\"elementor-widget-container\">\n\t\t\t\t\t\t\t\t\t<section class=\"hero\">\n<div class=\"hero-overlay\">&nbsp;<\/div>\n<div class=\"container hero-content\">\n<h1>Centro Universitario Anal\u00edtico Municipal<\/h1>\n<p>Excelencia en an\u00e1lisis de laboratorio para agricultura y medio ambiente<\/p>\n<div class=\"hero-buttons\"><a class=\"btn btn-primary\" href=\"https:\/\/laboratorio.elejido.es\/?page_id=95\">Tipos de An\u00e1lisis<\/a><br><a class=\"btn btn-secondary\" href=\"https:\/\/laboratorio.elejido.es\/?page_id=105\">Nuestra Legislaci\u00f3n<\/a><\/div>\n<\/div>\n<\/section>\n<p><!-- Services Section --><\/p>\n<section class=\"services\">\n<div class=\"containerServicios\">\n<h2 class=\"section-title\">Nuestros Servicios de An\u00e1lisis<\/h2>\n<div class=\"services-grid\">\n<div class=\"service-card\">\n<div class=\"service-icon service-icon-flask\">&nbsp;<\/div>\n<h3>An\u00e1lisis de Suelos<\/h3>\n<p>Evaluaci\u00f3n completa de nutrientes, pH, textura y composici\u00f3n para optimizar cultivos.<\/p>\n<\/div>\n<div class=\"service-card\">\n<div class=\"service-icon service-icon-water\">&nbsp;<\/div>\n<h3>An\u00e1lisis de Agua<\/h3>\n<p>Control de calidad de agua para riego, consumo y evaluaci\u00f3n de contaminantes.<\/p>\n<\/div>\n<div class=\"service-card\">\n<div class=\"service-icon service-icon-leaf\">&nbsp;<\/div>\n<h3>An\u00e1lisis Foliar<\/h3>\n<p>Determinaci\u00f3n del estado nutricional de cultivos mediante an\u00e1lisis de tejido vegetal.<\/p>\n<\/div>\n<div class=\"service-card\">\n<div class=\"service-icon service-icon-microscope\">&nbsp;<\/div>\n<h3>Microbiolog\u00eda<\/h3>\n<p>Identificaci\u00f3n de pat\u00f3genos y microorganismos en muestras agr\u00edcolas y ambientales.<\/p>\n<\/div>\n<div class=\"service-card\">\n<div class=\"service-icon service-icon-fish\">&nbsp;<\/div>\n<h3>An\u00e1lisis de Alimentos<\/h3>\n<p>Residuos de plaguicidas de frutas, hortalizas y microorganismos en alimentos.<\/p>\n<\/div>\n<\/div>\n<\/div>\n<\/section>\n<p><!-- About Section --><\/p>\n<section class=\"about\">\n<div class=\"container\">\n<div class=\"about-content\">\n<div class=\"about-text\">\n<h2 class=\"section-title\">30 A\u00f1os de Excelencia Anal\u00edtica<\/h2>\n<p>El Centro Universitario Anal\u00edtico Municipal (CUAM) lleva tres d\u00e9cadas ofreciendo servicios de an\u00e1lisis de la m\u00e1s alta calidad para el sector agr\u00edcola y medioambiental.<\/p>\n<p>Nuestro laboratorio cuenta con las certificaciones m\u00e1s exigentes y un equipo de profesionales altamente cualificados para garantizar resultados precisos y fiables.<\/p>\n<\/div>\n<div class=\"about-image\"><img decoding=\"async\" src=\"https:\/\/laboratorio.elejido.es\/wp-content\/uploads\/2025\/04\/CUAM-logoD.jpg\" alt=\"Laboratorio CUAM\"><\/div>\n<\/div>\n<\/div>\n<\/section>\t\t\t\t\t\t\t\t<\/div>\n\t\t\t\t<\/div>\n\t\t\t\t\t<\/div>\n\t\t\t\t<\/div>\n\t\t\t\t<\/div>\n\t\t","protected":false},"excerpt":{"rendered":"<p>&nbsp; Centro Universitario Anal\u00edtico Municipal Excelencia en an\u00e1lisis de laboratorio para agricultura y medio ambiente Tipos de An\u00e1lisisNuestra Legislaci\u00f3n Nuestros Servicios de An\u00e1lisis &nbsp; An\u00e1lisis de Suelos Evaluaci\u00f3n completa de nutrientes, pH, textura y composici\u00f3n para optimizar cultivos. &nbsp; An\u00e1lisis de Agua Control de calidad de agua para riego, consumo y evaluaci\u00f3n de contaminantes. &nbsp; [&hellip;]<\/p>\n","protected":false},"author":1,"featured_media":0,"parent":0,"menu_order":0,"comment_status":"closed","ping_status":"closed","template":"","meta":{"footnotes":""},"class_list":["post-67","page","type-page","status-publish","hentry"],"_links":{"self":[{"href":"https:\/\/laboratorio.elejido.es\/index.php?rest_route=\/wp\/v2\/pages\/67","targetHints":{"allow":["GET"]}}],"collection":[{"href":"https:\/\/laboratorio.elejido.es\/index.php?rest_route=\/wp\/v2\/pages"}],"about":[{"href":"https:\/\/laboratorio.elejido.es\/index.php?rest_route=\/wp\/v2\/types\/page"}],"author":[{"embeddable":true,"href":"https:\/\/laboratorio.elejido.es\/index.php?rest_route=\/wp\/v2\/users\/1"}],"replies":[{"embeddable":true,"href":"https:\/\/laboratorio.elejido.es\/index.php?rest_route=%2Fwp%2Fv2%2Fcomments&post=67"}],"version-history":[{"count":61,"href":"https:\/\/laboratorio.elejido.es\/index.php?rest_route=\/wp\/v2\/pages\/67\/revisions"}],"predecessor-version":[{"id":459,"href":"https:\/\/laboratorio.elejido.es\/index.php?rest_route=\/wp\/v2\/pages\/67\/revisions\/459"}],"wp:attachment":[{"href":"https:\/\/laboratorio.elejido.es\/index.php?rest_route=%2Fwp%2Fv2%2Fmedia&parent=67"}],"curies":[{"name":"wp","href":"https:\/\/api.w.org\/{rel}","templated":true}]}}