{"id":100,"date":"2025-04-10T13:10:12","date_gmt":"2025-04-10T11:10:12","guid":{"rendered":"http:\/\/192.168.120.51\/laboratorioEjido\/?page_id=100"},"modified":"2025-07-15T13:39:36","modified_gmt":"2025-07-15T11:39:36","slug":"calidad","status":"publish","type":"page","link":"https:\/\/laboratorio.elejido.es\/?page_id=100","title":{"rendered":"Calidad"},"content":{"rendered":"\t\t<div data-elementor-type=\"wp-page\" data-elementor-id=\"100\" class=\"elementor elementor-100\" data-elementor-post-type=\"page\">\n\t\t\t\t<div class=\"elementor-element elementor-element-fce4ab7 e-flex e-con-boxed e-con e-parent\" data-id=\"fce4ab7\" data-element_type=\"container\" data-e-type=\"container\">\n\t\t\t\t\t<div class=\"e-con-inner\">\n\t\t\t\t<div class=\"elementor-element elementor-element-12bdc7f elementor-widget elementor-widget-text-editor\" data-id=\"12bdc7f\" data-element_type=\"widget\" data-e-type=\"widget\" data-widget_type=\"text-editor.default\">\n\t\t\t\t<div class=\"elementor-widget-container\">\n\t\t\t\t\t\t\t\t\t<div class=\"quality-hero\"><div class=\"container\"><h1>Calidad y Excelencia Anal\u00edtica<\/h1><p>Nuestro compromiso con la calidad y la mejora continua nos ha permitido obtener las certificaciones y acreditaciones m\u00e1s exigentes del sector.<\/p><\/div><\/div><div class=\"container\"><div class=\"quality-intro\"><h2>Nuestro Sistema de Calidad<\/h2><p>En el Centro Universitario Anal\u00edtico Municipal (CUAM) trabajamos bajo un riguroso sistema de gesti\u00f3n de calidad que garantiza la fiabilidad y precisi\u00f3n de todos nuestros an\u00e1lisis.<\/p><p>Contamos con las acreditaciones y certificaciones m\u00e1s prestigiosas que avalan nuestra competencia t\u00e9cnica y compromiso con la excelencia.<\/p><\/div><div class=\"quality-cards\"><div class=\"quality-card\"><div class=\"quality-card-img\"><img decoding=\"async\" src=\"https:\/\/laboratorio.elejido.es\/wp-content\/uploads\/2025\/04\/WEB_No138___LE318_copia.png\" alt=\"Acreditaciones ENAC\" \/><\/div><div class=\"quality-card-content\"><h3>Acreditaciones ENAC<\/h3><p>Nuestro laboratorio cuenta con la acreditaci\u00f3n de la Entidad Nacional de Acreditaci\u00f3n (ENAC) seg\u00fan la norma UNE-EN ISO\/IEC 17025 para diversos ensayos.<\/p><p><a class=\"quality-card-btn\" href=\"https:\/\/laboratorio.elejido.es\/?p=136\">Ver acreditaciones<\/a><\/p><\/div><\/div><div class=\"quality-card\"><div class=\"quality-card-img\"><img fetchpriority=\"high\" decoding=\"async\" class=\"alignnone size-medium wp-image-537\" src=\"https:\/\/laboratorio.elejido.es\/wp-content\/uploads\/2025\/07\/QS-mark-approved-laboratory_Portrait_png-1-260x300.png\" alt=\"\" width=\"260\" height=\"300\" srcset=\"https:\/\/laboratorio.elejido.es\/wp-content\/uploads\/2025\/07\/QS-mark-approved-laboratory_Portrait_png-1-260x300.png 260w, https:\/\/laboratorio.elejido.es\/wp-content\/uploads\/2025\/07\/QS-mark-approved-laboratory_Portrait_png-1.png 488w\" sizes=\"(max-width: 260px) 100vw, 260px\" \/><\/div><div class=\"quality-card-content\"><h3>Certificaci\u00f3n QS<\/h3><p>Disponemos de la certificaci\u00f3n QS (Qualit\u00e4t und Sicherheit) que garantiza la calidad y seguridad de nuestros an\u00e1lisis para el mercado agroalimentario europeo.<\/p><p><a class=\"quality-card-btn\" href=\"https:\/\/laboratorio.elejido.es\/?p=126\">Ver certificaci\u00f3n<\/a><\/p><\/div><\/div><div class=\"quality-card\"><div class=\"quality-card-img\"><img decoding=\"async\" src=\"https:\/\/laboratorio.elejido.es\/wp-content\/uploads\/2025\/04\/Logo_de_la_Consejeria_de_Agricultura_Pesca_Agua_y_Desarrollo_Rural_de_la_Junta_de_Andalucia.png\" alt=\"Autorizaci\u00f3n Junta\" \/><\/div><div class=\"quality-card-content\"><h3>Autorizaci\u00f3n Junta<\/h3><p>Contamos con las autorizaciones oficiales de la Junta de Andaluc\u00eda para realizar an\u00e1lisis oficiales en diversos \u00e1mbitos regulados.<\/p><p><a class=\"quality-card-btn\" href=\"https:\/\/laboratorio.elejido.es\/?p=131\">Ver autorizaci\u00f3n<\/a><\/p><\/div><\/div><div class=\"quality-card\"><div class=\"quality-card-img\"><img decoding=\"async\" src=\"https:\/\/laboratorio.elejido.es\/wp-content\/uploads\/2025\/04\/fapas-updated-logo-resized_0.png\" alt=\"Intercomparaciones\" \/><\/div><div class=\"quality-card-content\"><h3>Intercomparaciones<\/h3><p>Participamos regularmente en ejercicios de intercomparaci\u00f3n con otros laboratorios para garantizar la exactitud y fiabilidad de nuestros resultados.<\/p><p><a class=\"quality-card-btn\" href=\"https:\/\/laboratorio.elejido.es\/?p=121\">Ver intercomparaciones<\/a><\/p><\/div><\/div><\/div><\/div>\t\t\t\t\t\t\t\t<\/div>\n\t\t\t\t<\/div>\n\t\t\t\t\t<\/div>\n\t\t\t\t<\/div>\n\t\t\t\t<\/div>\n\t\t","protected":false},"excerpt":{"rendered":"<p>Calidad y Excelencia Anal\u00edtica Nuestro compromiso con la calidad y la mejora continua nos ha permitido obtener las certificaciones y acreditaciones m\u00e1s exigentes del sector. Nuestro Sistema de Calidad En el Centro Universitario Anal\u00edtico Municipal (CUAM) trabajamos bajo un riguroso sistema de gesti\u00f3n de calidad que garantiza la fiabilidad y precisi\u00f3n de todos nuestros an\u00e1lisis. [&hellip;]<\/p>\n","protected":false},"author":1,"featured_media":0,"parent":0,"menu_order":0,"comment_status":"closed","ping_status":"closed","template":"","meta":{"footnotes":""},"class_list":["post-100","page","type-page","status-publish","hentry"],"_links":{"self":[{"href":"https:\/\/laboratorio.elejido.es\/index.php?rest_route=\/wp\/v2\/pages\/100","targetHints":{"allow":["GET"]}}],"collection":[{"href":"https:\/\/laboratorio.elejido.es\/index.php?rest_route=\/wp\/v2\/pages"}],"about":[{"href":"https:\/\/laboratorio.elejido.es\/index.php?rest_route=\/wp\/v2\/types\/page"}],"author":[{"embeddable":true,"href":"https:\/\/laboratorio.elejido.es\/index.php?rest_route=\/wp\/v2\/users\/1"}],"replies":[{"embeddable":true,"href":"https:\/\/laboratorio.elejido.es\/index.php?rest_route=%2Fwp%2Fv2%2Fcomments&post=100"}],"version-history":[{"count":22,"href":"https:\/\/laboratorio.elejido.es\/index.php?rest_route=\/wp\/v2\/pages\/100\/revisions"}],"predecessor-version":[{"id":558,"href":"https:\/\/laboratorio.elejido.es\/index.php?rest_route=\/wp\/v2\/pages\/100\/revisions\/558"}],"wp:attachment":[{"href":"https:\/\/laboratorio.elejido.es\/index.php?rest_route=%2Fwp%2Fv2%2Fmedia&parent=100"}],"curies":[{"name":"wp","href":"https:\/\/api.w.org\/{rel}","templated":true}]}}